{"id":34,"date":"2019-07-04T09:15:47","date_gmt":"2019-07-04T07:15:47","guid":{"rendered":"http:\/\/kulturakademin.se\/varafilmer\/?page_id=34"},"modified":"2022-12-13T07:55:49","modified_gmt":"2022-12-13T06:55:49","slug":"karta","status":"publish","type":"page","link":"https:\/\/kulturakademin.se\/varafilmer\/karta\/","title":{"rendered":"Se filmerna"},"content":{"rendered":"\n<p>H\u00e4r kan du ta del av de filmer som vi producerat eller som skickats till oss fr\u00e5n kommunens alla h\u00f6rn. Kartan uppdateras fortl\u00f6pande.<br>F\u00f6rstora kartan s\u00e5 blir det l\u00e4ttare att se alla prickar p\u00e5 kartan som inneh\u00e5ller filmer.<\/p>\n\n\n\n<iframe loading=\"lazy\" src=\"https:\/\/www.google.com\/maps\/d\/embed?mid=1cqeCsA9biEGpL13MKqV2zlALxUgNmDS7&amp;ehbc=2E312F\" width=\"640\" height=\"480\"><\/iframe>\n","protected":false},"excerpt":{"rendered":"<p>H\u00e4r kan du ta del av de filmer som vi producerat eller som skickats till oss fr\u00e5n kommunens alla h\u00f6rn. Kartan uppdateras fortl\u00f6pande.F\u00f6rstora kartan s\u00e5 blir det l\u00e4ttare att se alla prickar p\u00e5 kartan som inneh\u00e5ller filmer.<\/p>\n","protected":false},"author":2,"featured_media":0,"parent":0,"menu_order":0,"comment_status":"closed","ping_status":"closed","template":"","meta":{"_genesis_hide_title":false,"_genesis_hide_breadcrumbs":false,"_genesis_hide_singular_image":false,"_genesis_hide_footer_widgets":false,"_genesis_custom_body_class":"","_genesis_custom_post_class":"","_genesis_layout":"","footnotes":""},"featured_image_src":null,"featured_image_src_square":null,"_links":{"self":[{"href":"https:\/\/kulturakademin.se\/varafilmer\/wp-json\/wp\/v2\/pages\/34"}],"collection":[{"href":"https:\/\/kulturakademin.se\/varafilmer\/wp-json\/wp\/v2\/pages"}],"about":[{"href":"https:\/\/kulturakademin.se\/varafilmer\/wp-json\/wp\/v2\/types\/page"}],"author":[{"embeddable":true,"href":"https:\/\/kulturakademin.se\/varafilmer\/wp-json\/wp\/v2\/users\/2"}],"replies":[{"embeddable":true,"href":"https:\/\/kulturakademin.se\/varafilmer\/wp-json\/wp\/v2\/comments?post=34"}],"version-history":[{"count":52,"href":"https:\/\/kulturakademin.se\/varafilmer\/wp-json\/wp\/v2\/pages\/34\/revisions"}],"predecessor-version":[{"id":388,"href":"https:\/\/kulturakademin.se\/varafilmer\/wp-json\/wp\/v2\/pages\/34\/revisions\/388"}],"wp:attachment":[{"href":"https:\/\/kulturakademin.se\/varafilmer\/wp-json\/wp\/v2\/media?parent=34"}],"curies":[{"name":"wp","href":"https:\/\/api.w.org\/{rel}","templated":true}]}}