{"id":219,"date":"2020-06-16T13:42:43","date_gmt":"2020-06-16T11:42:43","guid":{"rendered":"http:\/\/kulturakademin.se\/varafilmer\/?page_id=219"},"modified":"2020-06-16T14:07:29","modified_gmt":"2020-06-16T12:07:29","slug":"sommarjobb","status":"publish","type":"page","link":"https:\/\/kulturakademin.se\/varafilmer\/sommarjobb\/","title":{"rendered":"Sommarjobb? S\u00e5 g\u00f6r du\u2026"},"content":{"rendered":"\n<h4 class=\"wp-block-heading\">Vad roligt att du vill jobba med film i sommar. H\u00e4r kommer en liten checklista f\u00f6r dig. H\u00f6r av dig om du st\u00f6ter p\u00e5 fler fr\u00e5gor.<\/h4>\n\n\n\n<figure class=\"wp-block-image size-large\"><img loading=\"lazy\" decoding=\"async\" width=\"1024\" height=\"682\" src=\"http:\/\/kulturakademin.se\/varafilmer\/wp-content\/uploads\/sites\/22\/2020\/06\/photography-4405828_1280-1024x682.jpg\" alt=\"\" class=\"wp-image-223\" srcset=\"https:\/\/kulturakademin.se\/varafilmer\/wp-content\/uploads\/sites\/22\/2020\/06\/photography-4405828_1280-1024x682.jpg 1024w, https:\/\/kulturakademin.se\/varafilmer\/wp-content\/uploads\/sites\/22\/2020\/06\/photography-4405828_1280-300x200.jpg 300w, https:\/\/kulturakademin.se\/varafilmer\/wp-content\/uploads\/sites\/22\/2020\/06\/photography-4405828_1280-768x512.jpg 768w, https:\/\/kulturakademin.se\/varafilmer\/wp-content\/uploads\/sites\/22\/2020\/06\/photography-4405828_1280.jpg 1280w\" sizes=\"(max-width: 1024px) 100vw, 1024px\" \/><\/figure>\n\n\n\n<ul><li>Filma med din telefon &#8211; telefonen ska vara i liggande position (ej &#8211; st\u00e5ende, se<a href=\"https:\/\/www.youtube.com\/watch?v=4fK0zSx6aTk\" target=\"_blank\" rel=\"noreferrer noopener\"> introduktionsfilmen<\/a>)<br><\/li><li>V\u00e4lj ett tema f\u00f6r din film &#8211; det kan vara vad som helst. <br><\/li><li>T\u00e4nk att det du filmar ska visas p\u00e5 YouTube och arkiveras f\u00f6r framtida generationer.<br><\/li><li>Filma flera korta snuttar mellan 10-30 sek. 6-7 st r\u00e4cker till en 3 minuters film<br><\/li><li>Skicka in filmerna till oss genom att\u00a0<br><em>a)<\/em> via din telefon g\u00e5 in p\u00e5\u00a0<a class=\"\" href=\"http:\/\/www.wetransfer.com\/\">www.wetransfer.com<\/a>, ladda upp filmerna fr\u00e5n din telefon och sedan skicka dem som e-mail.<br><em>b)<\/em> flytta filmarna till en dator hemma och sedan ladda upp filmerna p\u00e5\u00a0<a class=\"\" href=\"http:\/\/www.wetransfer.com\/\">www.wetransfer.com<\/a>.c) med Wetransfer m\u00e5ste du skicka dina filmer till<strong>\u00a0<a class=\"\" href=\"mailto:film@varafilmer.se\">film@varafilmer.se<\/a><\/strong>\u00a0och i rutan \u201ddin adress\u201d &#8211; ska du skriva\u00a0<a class=\"\" href=\"mailto:duncan@kemp.nu\">duncan@kemp.nu<\/a>.<br><\/li><li>Detta inneb\u00e4r att jag f\u00e5r koll vilka filmer skickas in och det blir l\u00e4ttare att betala ut pengar.\u00a0<strong>OBS! Det finns flera s\u00e4tt<\/strong> att skicka filmerna s\u00e5 om du st\u00f6ter p\u00e5 problem \u00e4r det bara och ringa.<\/li><\/ul>\n\n\n\n<blockquote class=\"wp-block-quote is-layout-flow wp-block-quote-is-layout-flow\"><p><strong>Att skicka med SMS fungerar ej<\/strong><\/p><\/blockquote>\n\n\n\n<ul><li>Varje inskickad film som godk\u00e4nns <em>(inga pinsamma inspelningar eller ov\u00e5rdat spr\u00e5k) <\/em>redigeras ned till ca 2-3 minuter.&nbsp;<br><\/li><li>Vi m\u00e5ste veta <strong>vem <\/strong>som har filmat, <strong>telefonnummer<\/strong>, <strong>var<\/strong> och <strong>n\u00e4r<\/strong> den spelas in. Filmar du personer m\u00e5ste \u00e4ven deras namn anges. Det finns utrymme att skriva detta i Wetransfers ruta f\u00f6r meddelanden.<br><\/li><li>Det finns lagar som vi m\u00e5ste f\u00f6lja. Alla som visas tydligt i filmen ska godk\u00e4nna att de \u00e4r med. Innan vi publicerar filmen m\u00e5ste du och en m\u00e5lsman skriva under en blankett. Klicka p\u00e5 l\u00e4nken.<br><\/li><li>Fast detta l\u00e5ter&nbsp;kr\u00e5ngligt \u00e4r det inte s\u00e5 mycket jobb n\u00e4r man blivit van. <br><\/li><li>N\u00e4r allt \u00e4r klart beh\u00f6ver jag veta vilket bankkontonummer som g\u00e4ller. <br>D\u00e5 betalar jag ut till alla som ska ha pengar en g\u00e5ng i veckan.<br><br><br><strong>Duncan Kemp<\/strong><br><em>V\u00e5ra Filmer<\/em><br>Tel: 070-693 99 99<\/li><\/ul>\n\n\n\n<p><\/p>\n","protected":false},"excerpt":{"rendered":"<p>Vad roligt att du vill jobba med film i sommar. H\u00e4r kommer en liten checklista f\u00f6r dig. H\u00f6r av dig om du st\u00f6ter p\u00e5 fler fr\u00e5gor. Filma med din telefon &#8211; telefonen ska vara i liggande position (ej &#8211; st\u00e5ende, se introduktionsfilmen) V\u00e4lj ett tema f\u00f6r din film &#8211; det kan vara vad som helst. [&hellip;]<\/p>\n","protected":false},"author":1,"featured_media":223,"parent":0,"menu_order":0,"comment_status":"closed","ping_status":"closed","template":"","meta":{"_genesis_hide_title":false,"_genesis_hide_breadcrumbs":false,"_genesis_hide_singular_image":false,"_genesis_hide_footer_widgets":false,"_genesis_custom_body_class":"","_genesis_custom_post_class":"","_genesis_layout":"","footnotes":""},"featured_image_src":"https:\/\/kulturakademin.se\/varafilmer\/wp-content\/uploads\/sites\/22\/2020\/06\/photography-4405828_1280.jpg","featured_image_src_square":"https:\/\/kulturakademin.se\/varafilmer\/wp-content\/uploads\/sites\/22\/2020\/06\/photography-4405828_1280.jpg","_links":{"self":[{"href":"https:\/\/kulturakademin.se\/varafilmer\/wp-json\/wp\/v2\/pages\/219"}],"collection":[{"href":"https:\/\/kulturakademin.se\/varafilmer\/wp-json\/wp\/v2\/pages"}],"about":[{"href":"https:\/\/kulturakademin.se\/varafilmer\/wp-json\/wp\/v2\/types\/page"}],"author":[{"embeddable":true,"href":"https:\/\/kulturakademin.se\/varafilmer\/wp-json\/wp\/v2\/users\/1"}],"replies":[{"embeddable":true,"href":"https:\/\/kulturakademin.se\/varafilmer\/wp-json\/wp\/v2\/comments?post=219"}],"version-history":[{"count":11,"href":"https:\/\/kulturakademin.se\/varafilmer\/wp-json\/wp\/v2\/pages\/219\/revisions"}],"predecessor-version":[{"id":237,"href":"https:\/\/kulturakademin.se\/varafilmer\/wp-json\/wp\/v2\/pages\/219\/revisions\/237"}],"wp:featuredmedia":[{"embeddable":true,"href":"https:\/\/kulturakademin.se\/varafilmer\/wp-json\/wp\/v2\/media\/223"}],"wp:attachment":[{"href":"https:\/\/kulturakademin.se\/varafilmer\/wp-json\/wp\/v2\/media?parent=219"}],"curies":[{"name":"wp","href":"https:\/\/api.w.org\/{rel}","templated":true}]}}