{"id":2,"date":"2019-06-28T13:19:21","date_gmt":"2019-06-28T11:19:21","guid":{"rendered":"http:\/\/kulturakademin.se\/varafilmer\/?page_id=2"},"modified":"2020-04-03T17:37:38","modified_gmt":"2020-04-03T15:37:38","slug":"exempelsida","status":"publish","type":"page","link":"https:\/\/kulturakademin.se\/varafilmer\/","title":{"rendered":"Projektet V\u00e5ra Filmer"},"content":{"rendered":"\n<p>V\u00e5ra Filmer &#8211; Filmarkivet i Storumans kommun \u00e4r ett projekt som finansieras helt av <a rel=\"noreferrer noopener\" aria-label=\"Allm\u00e4nna Arvsfonden (\u00f6ppnas i en ny flik)\" href=\"http:\/\/www.arvsfonden.se\" target=\"_blank\">Allm\u00e4nna Arvsfonden<\/a>. Projekt\u00e4gare \u00e4r <a rel=\"noreferrer noopener\" aria-label=\"Kulturakademin i Storuman (\u00f6ppnas i en ny flik)\" href=\"http:\/\/www.kulturakademin.se\" target=\"_blank\">Kulturakademin i Storuman<\/a>. <br>Huvudm\u00e5let med projektet \u00e4r att skapa ett unikt och omfattande filmarkiv \u00f6ver vardagen hos oss som bor eller vistas i hela Storumans kommun under projekttidens tre \u00e5r.<\/p>\n\n\n\n<blockquote class=\"wp-block-quote has-text-align-left is-layout-flow wp-block-quote-is-layout-flow\"><p>Att ta del av hela v\u00e5r avl\u00e5nga kommuns vardagsliv \u00e4r viktigt f\u00f6r samtida och kommande generationer.&nbsp;Allt fr\u00e5n kaffestunden hos mormor Agda och Lenas flugfiske-bindningar till Kurts svetsuppdrag i verkstan och Jennifers skoter\u00e5kning p\u00e5 fj\u00e4llet.<\/p><cite>Duncan Kemp, Kulturakademin i Storuman<\/cite><\/blockquote>\n\n\n\n<figure class=\"wp-block-image size-large\"><img loading=\"lazy\" decoding=\"async\" width=\"594\" height=\"129\" src=\"http:\/\/kulturakademin.se\/varafilmer\/wp-content\/uploads\/sites\/22\/2020\/04\/topp_varafilmer.png\" alt=\"\" class=\"wp-image-206\" srcset=\"https:\/\/kulturakademin.se\/varafilmer\/wp-content\/uploads\/sites\/22\/2020\/04\/topp_varafilmer.png 594w, https:\/\/kulturakademin.se\/varafilmer\/wp-content\/uploads\/sites\/22\/2020\/04\/topp_varafilmer-300x65.png 300w\" sizes=\"(max-width: 594px) 100vw, 594px\" \/><\/figure>\n","protected":false},"excerpt":{"rendered":"<p>V\u00e5ra Filmer &#8211; Filmarkivet i Storumans kommun \u00e4r ett projekt som finansieras helt av Allm\u00e4nna Arvsfonden. Projekt\u00e4gare \u00e4r Kulturakademin i Storuman. Huvudm\u00e5let med projektet \u00e4r att skapa ett unikt och omfattande filmarkiv \u00f6ver vardagen hos oss som bor eller vistas i hela Storumans kommun under projekttidens tre \u00e5r. Att ta del av hela v\u00e5r avl\u00e5nga [&hellip;]<\/p>\n","protected":false},"author":2,"featured_media":0,"parent":0,"menu_order":0,"comment_status":"closed","ping_status":"open","template":"","meta":{"_genesis_hide_title":false,"_genesis_hide_breadcrumbs":false,"_genesis_hide_singular_image":false,"_genesis_hide_footer_widgets":false,"_genesis_custom_body_class":"","_genesis_custom_post_class":"","_genesis_layout":"","footnotes":""},"featured_image_src":null,"featured_image_src_square":null,"_links":{"self":[{"href":"https:\/\/kulturakademin.se\/varafilmer\/wp-json\/wp\/v2\/pages\/2"}],"collection":[{"href":"https:\/\/kulturakademin.se\/varafilmer\/wp-json\/wp\/v2\/pages"}],"about":[{"href":"https:\/\/kulturakademin.se\/varafilmer\/wp-json\/wp\/v2\/types\/page"}],"author":[{"embeddable":true,"href":"https:\/\/kulturakademin.se\/varafilmer\/wp-json\/wp\/v2\/users\/2"}],"replies":[{"embeddable":true,"href":"https:\/\/kulturakademin.se\/varafilmer\/wp-json\/wp\/v2\/comments?post=2"}],"version-history":[{"count":4,"href":"https:\/\/kulturakademin.se\/varafilmer\/wp-json\/wp\/v2\/pages\/2\/revisions"}],"predecessor-version":[{"id":208,"href":"https:\/\/kulturakademin.se\/varafilmer\/wp-json\/wp\/v2\/pages\/2\/revisions\/208"}],"wp:attachment":[{"href":"https:\/\/kulturakademin.se\/varafilmer\/wp-json\/wp\/v2\/media?parent=2"}],"curies":[{"name":"wp","href":"https:\/\/api.w.org\/{rel}","templated":true}]}}