{"id":107,"date":"2019-07-05T13:43:54","date_gmt":"2019-07-05T11:43:54","guid":{"rendered":"http:\/\/kulturakademin.se\/varafilmer\/?page_id=107"},"modified":"2021-03-08T13:10:57","modified_gmt":"2021-03-08T12:10:57","slug":"fragor","status":"publish","type":"page","link":"https:\/\/kulturakademin.se\/varafilmer\/fragor\/","title":{"rendered":"Fr\u00e5gor och Svar"},"content":{"rendered":"\n<p><strong>Fr\u00e5ga: Kommer filmen publiceras utan att jag har f\u00e5tt se den f\u00e4rdiga versionen?<\/strong><\/p>\n\n\n\n<blockquote class=\"wp-block-quote is-layout-flow wp-block-quote-is-layout-flow\"><p><strong>Svar: Du kommer att f\u00e5 se filmen s\u00e5 att du kan godk\u00e4nna innan den publiceras offentligt.<\/strong><\/p><\/blockquote>\n\n\n\n<p><strong>Fr\u00e5ga: Kan man skicka flera filmer p\u00e5 en g\u00e5ng?<\/strong><\/p>\n\n\n\n<blockquote class=\"wp-block-quote is-layout-flow wp-block-quote-is-layout-flow\"><p><strong>Svar: Du kan skicka flera filmer om du zippar dom i din dator. Du kan \u00e4ven skicka dina filmer flera g\u00e5nger via sprend.com eller wetransfer.com.<\/strong><\/p><\/blockquote>\n\n\n\n<p><strong>Fr\u00e5ga: Kan man l\u00e5na utrusting fr\u00e5n V\u00e5raFilmer?<\/strong><\/p>\n\n\n\n<blockquote class=\"wp-block-quote is-layout-flow wp-block-quote-is-layout-flow\"><p><strong>Svar: Ja, du kan l\u00e5na utrusting fr\u00e5n oss. Ring Duncan Kemp p\u00e5 070 693 99 99 eller skicka ett mail till info@varafilmer.se<\/strong><\/p><\/blockquote>\n\n\n\n<p><\/p>\n","protected":false},"excerpt":{"rendered":"<p>Fr\u00e5ga: Kommer filmen publiceras utan att jag har f\u00e5tt se den f\u00e4rdiga versionen? Svar: Du kommer att f\u00e5 se filmen s\u00e5 att du kan godk\u00e4nna innan den publiceras offentligt. Fr\u00e5ga: Kan man skicka flera filmer p\u00e5 en g\u00e5ng? Svar: Du kan skicka flera filmer om du zippar dom i din dator. Du kan \u00e4ven skicka [&hellip;]<\/p>\n","protected":false},"author":22,"featured_media":0,"parent":0,"menu_order":0,"comment_status":"closed","ping_status":"closed","template":"","meta":{"_genesis_hide_title":false,"_genesis_hide_breadcrumbs":false,"_genesis_hide_singular_image":false,"_genesis_hide_footer_widgets":false,"_genesis_custom_body_class":"","_genesis_custom_post_class":"","_genesis_layout":"","footnotes":""},"featured_image_src":null,"featured_image_src_square":null,"_links":{"self":[{"href":"https:\/\/kulturakademin.se\/varafilmer\/wp-json\/wp\/v2\/pages\/107"}],"collection":[{"href":"https:\/\/kulturakademin.se\/varafilmer\/wp-json\/wp\/v2\/pages"}],"about":[{"href":"https:\/\/kulturakademin.se\/varafilmer\/wp-json\/wp\/v2\/types\/page"}],"author":[{"embeddable":true,"href":"https:\/\/kulturakademin.se\/varafilmer\/wp-json\/wp\/v2\/users\/22"}],"replies":[{"embeddable":true,"href":"https:\/\/kulturakademin.se\/varafilmer\/wp-json\/wp\/v2\/comments?post=107"}],"version-history":[{"count":7,"href":"https:\/\/kulturakademin.se\/varafilmer\/wp-json\/wp\/v2\/pages\/107\/revisions"}],"predecessor-version":[{"id":285,"href":"https:\/\/kulturakademin.se\/varafilmer\/wp-json\/wp\/v2\/pages\/107\/revisions\/285"}],"wp:attachment":[{"href":"https:\/\/kulturakademin.se\/varafilmer\/wp-json\/wp\/v2\/media?parent=107"}],"curies":[{"name":"wp","href":"https:\/\/api.w.org\/{rel}","templated":true}]}}