{"id":71,"date":"2013-08-27T11:16:36","date_gmt":"2013-08-27T09:16:36","guid":{"rendered":"http:\/\/kulturakademin.se\/stornila\/?page_id=71"},"modified":"2013-11-06T11:38:36","modified_gmt":"2013-11-06T10:38:36","slug":"robroskolan-storuman","status":"publish","type":"page","link":"https:\/\/kulturakademin.se\/stornila\/robroskolan-storuman\/","title":{"rendered":"R\u00f6broskolan &#8211; Storuman"},"content":{"rendered":"<p>H\u00e4r visas material och information fr\u00e5n R\u00f6broskolan:<\/p>\n<p>&nbsp;<\/p>\n<p><a href=\"http:\/\/kulturakademin.se\/stornila\/wp-content\/uploads\/sites\/20\/2013\/10\/per-egland.jpg\"><img loading=\"lazy\" decoding=\"async\" class=\"alignnone size-full wp-image-299\" alt=\"per egland\" src=\"http:\/\/kulturakademin.se\/stornila\/wp-content\/uploads\/sites\/20\/2013\/10\/per-egland.jpg\" width=\"240\" height=\"180\" \/><\/a><\/p>\n<p>&nbsp;<\/p>\n<p>Per Egland bes\u00f6kte b\u00e5de Storuman och T\u00e4rnaby f\u00f6r att h\u00f6ra hur det g\u00e5r f\u00f6r ungdomarna. Det \u00e4r nog f\u00f6rsta g\u00e5ngen att han har h\u00f6rt musiken &#8221;live&#8221;. Han kunde svara p\u00e5 fr\u00e5gor samt ta intryck av hur ungdomar bekantade sig med l\u00e5tarna. Sedan \u00e5kte han till Lycksele d\u00e4r han uppt\u00e4ckte en &#8221;elevrevolt&#8221; mot technostilen i en av l\u00e5tarna. Det blir nog punk i st\u00e4llet &#8211; &#8221;underbart&#8221; tyckte Per som satt upp halva natten f\u00f6r att arrangera om l\u00e5ten!<\/p>\n","protected":false},"excerpt":{"rendered":"<p>H\u00e4r visas material och information fr\u00e5n R\u00f6broskolan: &nbsp; &nbsp; Per Egland bes\u00f6kte b\u00e5de Storuman och T\u00e4rnaby f\u00f6r att h\u00f6ra hur det g\u00e5r f\u00f6r ungdomarna. Det \u00e4r nog f\u00f6rsta g\u00e5ngen att han har h\u00f6rt musiken &#8221;live&#8221;. Han kunde svara p\u00e5 fr\u00e5gor samt ta intryck av hur ungdomar bekantade sig med l\u00e5tarna. Sedan \u00e5kte han till Lycksele [&hellip;]<\/p>\n","protected":false},"author":3,"featured_media":0,"parent":0,"menu_order":0,"comment_status":"closed","ping_status":"closed","template":"","meta":{"_genesis_hide_title":false,"_genesis_hide_breadcrumbs":false,"_genesis_hide_singular_image":false,"_genesis_hide_footer_widgets":false,"_genesis_custom_body_class":"","_genesis_custom_post_class":"","_genesis_layout":"","footnotes":""},"featured_image_src":null,"featured_image_src_square":null,"_links":{"self":[{"href":"https:\/\/kulturakademin.se\/stornila\/wp-json\/wp\/v2\/pages\/71"}],"collection":[{"href":"https:\/\/kulturakademin.se\/stornila\/wp-json\/wp\/v2\/pages"}],"about":[{"href":"https:\/\/kulturakademin.se\/stornila\/wp-json\/wp\/v2\/types\/page"}],"author":[{"embeddable":true,"href":"https:\/\/kulturakademin.se\/stornila\/wp-json\/wp\/v2\/users\/3"}],"replies":[{"embeddable":true,"href":"https:\/\/kulturakademin.se\/stornila\/wp-json\/wp\/v2\/comments?post=71"}],"version-history":[{"count":4,"href":"https:\/\/kulturakademin.se\/stornila\/wp-json\/wp\/v2\/pages\/71\/revisions"}],"predecessor-version":[{"id":311,"href":"https:\/\/kulturakademin.se\/stornila\/wp-json\/wp\/v2\/pages\/71\/revisions\/311"}],"wp:attachment":[{"href":"https:\/\/kulturakademin.se\/stornila\/wp-json\/wp\/v2\/media?parent=71"}],"curies":[{"name":"wp","href":"https:\/\/api.w.org\/{rel}","templated":true}]}}