{"id":69,"date":"2013-08-27T11:15:53","date_gmt":"2013-08-27T09:15:53","guid":{"rendered":"http:\/\/kulturakademin.se\/stornila\/?page_id=69"},"modified":"2013-08-28T16:00:22","modified_gmt":"2013-08-28T14:00:22","slug":"savarskola","status":"publish","type":"page","link":"https:\/\/kulturakademin.se\/stornila\/savarskola\/","title":{"rendered":"S\u00e4var skola"},"content":{"rendered":"<p>H\u00e4r finns material och information om projektet fr\u00e5n S\u00e4var skola.<\/p>\n","protected":false},"excerpt":{"rendered":"<p>H\u00e4r finns material och information om projektet fr\u00e5n S\u00e4var skola.<\/p>\n","protected":false},"author":3,"featured_media":0,"parent":0,"menu_order":0,"comment_status":"closed","ping_status":"closed","template":"","meta":{"_genesis_hide_title":false,"_genesis_hide_breadcrumbs":false,"_genesis_hide_singular_image":false,"_genesis_hide_footer_widgets":false,"_genesis_custom_body_class":"","_genesis_custom_post_class":"","_genesis_layout":"","footnotes":""},"featured_image_src":null,"featured_image_src_square":null,"_links":{"self":[{"href":"https:\/\/kulturakademin.se\/stornila\/wp-json\/wp\/v2\/pages\/69"}],"collection":[{"href":"https:\/\/kulturakademin.se\/stornila\/wp-json\/wp\/v2\/pages"}],"about":[{"href":"https:\/\/kulturakademin.se\/stornila\/wp-json\/wp\/v2\/types\/page"}],"author":[{"embeddable":true,"href":"https:\/\/kulturakademin.se\/stornila\/wp-json\/wp\/v2\/users\/3"}],"replies":[{"embeddable":true,"href":"https:\/\/kulturakademin.se\/stornila\/wp-json\/wp\/v2\/comments?post=69"}],"version-history":[{"count":2,"href":"https:\/\/kulturakademin.se\/stornila\/wp-json\/wp\/v2\/pages\/69\/revisions"}],"predecessor-version":[{"id":87,"href":"https:\/\/kulturakademin.se\/stornila\/wp-json\/wp\/v2\/pages\/69\/revisions\/87"}],"wp:attachment":[{"href":"https:\/\/kulturakademin.se\/stornila\/wp-json\/wp\/v2\/media?parent=69"}],"curies":[{"name":"wp","href":"https:\/\/api.w.org\/{rel}","templated":true}]}}