{"id":56,"date":"2013-06-27T09:36:36","date_gmt":"2013-06-27T07:36:36","guid":{"rendered":"http:\/\/kulturakademin.se\/stornila\/?page_id=56"},"modified":"2013-10-03T14:45:08","modified_gmt":"2013-10-03T12:45:08","slug":"studiematerial-skolor","status":"publish","type":"page","link":"https:\/\/kulturakademin.se\/stornila\/studiematerial-skolor\/","title":{"rendered":"Studiematerial &#8211; skolor"},"content":{"rendered":"<p>Denna sida \u00e4r under uppbyggnad. Sidan \u00e4r avsedd att hj\u00e4lpa skolor hitta r\u00e4tt bland tillg\u00e4ngligt material, manus och musik.<\/p>\n<p><span style=\"font-size: medium; color: #ff0000;\">MUSIK<\/span>\u00a0F\u00f6r att lyssna till musiken, klicka<a title=\"Musikfiler\" href=\"http:\/\/kulturakademin.se\/stornila\/musikfiler\/\"> h\u00e4r\u00a0<\/a><\/p>\n<p><span style=\"color: #ff0000; font-size: medium;\">REPLIKER<\/span> F\u00f6r att lyssna till de utvalda replikerna p\u00e5 de olika samiska spr\u00e5ken, klicka <a title=\"Replikerna p\u00e5 samiska\" href=\"http:\/\/kulturakademin.se\/stornila\/replikerna-pa-samiska\/\">h\u00e4r<\/a><\/p>\n<p><span style=\"font-size: medium; color: #ff0000;\">MANUS<\/span> F\u00f6r att komma \u00e5t manuset, klicka <a title=\"MANUS + STUDIEMATERIAL\" href=\"http:\/\/kulturakademin.se\/stornila\/manus-studiematerial\/\">h\u00e4r<\/a><\/p>\n<p><span style=\"font-size: medium; color: #ff0000;\">NOTER<\/span> F\u00f6r att komma \u00e5t noterna, klicka <a title=\"MUSIK \u2013 NOTER\" href=\"http:\/\/kulturakademin.se\/stornila\/musik-noter\/\">h\u00e4r<\/a><\/p>\n<p><a href=\"http:\/\/kulturakademin.se\/wp-content\/uploads\/2013\/06\/bok.jpg\"><img loading=\"lazy\" decoding=\"async\" class=\"alignleft\" alt=\"bok\" src=\"http:\/\/kulturakademin.se\/wp-content\/uploads\/2013\/06\/bok.jpg\" width=\"207\" height=\"295\" \/><\/a><\/p>\n<p>&nbsp;<\/p>\n<p>&nbsp;<\/p>\n<p>Skolorna i Storumans kommun har f\u00f6rdjupat sig i ber\u00e4ttelsen kring Stor-Nila och Lill-Docka med hj\u00e4lp av Birger Ekerlids: Fattiga som de voro.<\/p>\n<p>F\u00f6rutom Birgers egna till\u00e4gg i ber\u00e4ttelsen inneh\u00e5ller boken en stor m\u00e4ngd fakta med angivna k\u00e4llor.<\/p>\n<p>Det finns mycket mer information p\u00e5 Birger Ekerlids egen hemsida:\u00a0<a href=\"http:\/\/www.birgerekerlid.se\">http:\/\/www.birgerekerlid.se<\/a><\/p>\n","protected":false},"excerpt":{"rendered":"<p>Denna sida \u00e4r under uppbyggnad. Sidan \u00e4r avsedd att hj\u00e4lpa skolor hitta r\u00e4tt bland tillg\u00e4ngligt material, manus och musik. MUSIK\u00a0F\u00f6r att lyssna till musiken, klicka h\u00e4r\u00a0 REPLIKER F\u00f6r att lyssna till de utvalda replikerna p\u00e5 de olika samiska spr\u00e5ken, klicka h\u00e4r MANUS F\u00f6r att komma \u00e5t manuset, klicka h\u00e4r NOTER F\u00f6r att komma \u00e5t noterna, [&hellip;]<\/p>\n","protected":false},"author":3,"featured_media":0,"parent":0,"menu_order":0,"comment_status":"closed","ping_status":"closed","template":"","meta":{"_genesis_hide_title":false,"_genesis_hide_breadcrumbs":false,"_genesis_hide_singular_image":false,"_genesis_hide_footer_widgets":false,"_genesis_custom_body_class":"","_genesis_custom_post_class":"","_genesis_layout":"","footnotes":""},"featured_image_src":null,"featured_image_src_square":null,"_links":{"self":[{"href":"https:\/\/kulturakademin.se\/stornila\/wp-json\/wp\/v2\/pages\/56"}],"collection":[{"href":"https:\/\/kulturakademin.se\/stornila\/wp-json\/wp\/v2\/pages"}],"about":[{"href":"https:\/\/kulturakademin.se\/stornila\/wp-json\/wp\/v2\/types\/page"}],"author":[{"embeddable":true,"href":"https:\/\/kulturakademin.se\/stornila\/wp-json\/wp\/v2\/users\/3"}],"replies":[{"embeddable":true,"href":"https:\/\/kulturakademin.se\/stornila\/wp-json\/wp\/v2\/comments?post=56"}],"version-history":[{"count":7,"href":"https:\/\/kulturakademin.se\/stornila\/wp-json\/wp\/v2\/pages\/56\/revisions"}],"predecessor-version":[{"id":270,"href":"https:\/\/kulturakademin.se\/stornila\/wp-json\/wp\/v2\/pages\/56\/revisions\/270"}],"wp:attachment":[{"href":"https:\/\/kulturakademin.se\/stornila\/wp-json\/wp\/v2\/media?parent=56"}],"curies":[{"name":"wp","href":"https:\/\/api.w.org\/{rel}","templated":true}]}}