{"id":396,"date":"2014-01-22T10:34:04","date_gmt":"2014-01-22T09:34:04","guid":{"rendered":"http:\/\/kulturakademin.se\/stornila\/?page_id=396"},"modified":"2014-04-28T12:22:45","modified_gmt":"2014-04-28T10:22:45","slug":"bild","status":"publish","type":"page","link":"https:\/\/kulturakademin.se\/stornila\/skytteanskaskolan-tarnaby\/bild\/","title":{"rendered":"Bild"},"content":{"rendered":"<p>28\/4-14<\/p>\n<p>Klass 7. Bilderna \u00e4r gjorda med inspiration\u00a0fr\u00e5n historien om\u00a0Stor-Nila och Lill-Docka.<\/p>\n<div id='gallery-1' class='gallery galleryid-396 gallery-columns-2 gallery-size-thumbnail'><figure class='gallery-item'>\n\t\t\t<div class='gallery-icon landscape'>\n\t\t\t\t<a href='https:\/\/kulturakademin.se\/stornila\/skytteanskaskolan-tarnaby\/bild\/img_0003\/'><img loading=\"lazy\" decoding=\"async\" width=\"150\" height=\"150\" src=\"https:\/\/kulturakademin.se\/stornila\/wp-content\/uploads\/sites\/20\/2014\/01\/IMG_0003-150x150.jpg\" class=\"attachment-thumbnail size-thumbnail\" alt=\"\" \/><\/a>\n\t\t\t<\/div><\/figure><figure class='gallery-item'>\n\t\t\t<div class='gallery-icon landscape'>\n\t\t\t\t<a href='https:\/\/kulturakademin.se\/stornila\/skytteanskaskolan-tarnaby\/bild\/img_0004\/'><img loading=\"lazy\" decoding=\"async\" width=\"150\" height=\"150\" src=\"https:\/\/kulturakademin.se\/stornila\/wp-content\/uploads\/sites\/20\/2014\/01\/IMG_0004-150x150.jpg\" class=\"attachment-thumbnail size-thumbnail\" alt=\"\" \/><\/a>\n\t\t\t<\/div><\/figure><figure class='gallery-item'>\n\t\t\t<div class='gallery-icon landscape'>\n\t\t\t\t<a href='https:\/\/kulturakademin.se\/stornila\/skytteanskaskolan-tarnaby\/bild\/img_0005\/'><img loading=\"lazy\" decoding=\"async\" width=\"150\" height=\"150\" src=\"https:\/\/kulturakademin.se\/stornila\/wp-content\/uploads\/sites\/20\/2014\/01\/IMG_0005-150x150.jpg\" class=\"attachment-thumbnail size-thumbnail\" alt=\"\" \/><\/a>\n\t\t\t<\/div><\/figure><figure class='gallery-item'>\n\t\t\t<div class='gallery-icon landscape'>\n\t\t\t\t<a href='https:\/\/kulturakademin.se\/stornila\/skytteanskaskolan-tarnaby\/bild\/img_0006\/'><img loading=\"lazy\" decoding=\"async\" width=\"150\" height=\"150\" src=\"https:\/\/kulturakademin.se\/stornila\/wp-content\/uploads\/sites\/20\/2014\/01\/IMG_0006-150x150.jpg\" class=\"attachment-thumbnail size-thumbnail\" alt=\"\" \/><\/a>\n\t\t\t<\/div><\/figure>\n\t\t<\/div>\n\n<p>25\/3-14<\/p>\n<p>Klass 9 har gjort masker i papir-mach\u00e9 med karakt\u00e4rer och k\u00e4nslor\u00a0fr\u00e5n Stor-Nila musikalen.\u00a0 Maskerna byggs p\u00e5 en form av lera.<\/p>\n<div id='gallery-2' class='gallery galleryid-396 gallery-columns-2 gallery-size-thumbnail'><figure class='gallery-item'>\n\t\t\t<div class='gallery-icon landscape'>\n\t\t\t\t<a href='https:\/\/kulturakademin.se\/stornila\/skytteanskaskolan-tarnaby\/bild\/papir-mache-2\/'><img loading=\"lazy\" decoding=\"async\" width=\"150\" height=\"150\" src=\"https:\/\/kulturakademin.se\/stornila\/wp-content\/uploads\/sites\/20\/2014\/01\/papir-mache-2-150x150.jpg\" class=\"attachment-thumbnail size-thumbnail\" alt=\"\" \/><\/a>\n\t\t\t<\/div><\/figure><figure class='gallery-item'>\n\t\t\t<div class='gallery-icon landscape'>\n\t\t\t\t<a href='https:\/\/kulturakademin.se\/stornila\/skytteanskaskolan-tarnaby\/bild\/papir-mache\/'><img loading=\"lazy\" decoding=\"async\" width=\"150\" height=\"150\" src=\"https:\/\/kulturakademin.se\/stornila\/wp-content\/uploads\/sites\/20\/2014\/01\/papir-mache-150x150.jpg\" class=\"attachment-thumbnail size-thumbnail\" alt=\"\" \/><\/a>\n\t\t\t<\/div><\/figure>\n\t\t<\/div>\n\n<p>17\/1-14<\/p>\n<p>Bilder med inspiration fr\u00e5n samiska hantverk och Stor-Nila musikalen. Klass 8.<\/p>\n<div id='gallery-3' class='gallery galleryid-396 gallery-columns-3 gallery-size-thumbnail'><figure class='gallery-item'>\n\t\t\t<div class='gallery-icon landscape'>\n\t\t\t\t<a href='https:\/\/kulturakademin.se\/stornila\/skytteanskaskolan-tarnaby\/bild\/hantverk-1\/'><img loading=\"lazy\" decoding=\"async\" width=\"150\" height=\"150\" src=\"https:\/\/kulturakademin.se\/stornila\/wp-content\/uploads\/sites\/20\/2014\/01\/hantverk-1-150x150.jpg\" class=\"attachment-thumbnail size-thumbnail\" alt=\"\" \/><\/a>\n\t\t\t<\/div><\/figure><figure class='gallery-item'>\n\t\t\t<div class='gallery-icon landscape'>\n\t\t\t\t<a href='https:\/\/kulturakademin.se\/stornila\/skytteanskaskolan-tarnaby\/bild\/hantverk-2\/'><img loading=\"lazy\" decoding=\"async\" width=\"150\" height=\"150\" src=\"https:\/\/kulturakademin.se\/stornila\/wp-content\/uploads\/sites\/20\/2014\/01\/hantverk-2-150x150.jpg\" class=\"attachment-thumbnail size-thumbnail\" alt=\"\" \/><\/a>\n\t\t\t<\/div><\/figure><figure class='gallery-item'>\n\t\t\t<div class='gallery-icon landscape'>\n\t\t\t\t<a href='https:\/\/kulturakademin.se\/stornila\/skytteanskaskolan-tarnaby\/bild\/hantverk-3\/'><img loading=\"lazy\" decoding=\"async\" width=\"150\" height=\"150\" src=\"https:\/\/kulturakademin.se\/stornila\/wp-content\/uploads\/sites\/20\/2014\/01\/hantverk-3-150x150.jpg\" class=\"attachment-thumbnail size-thumbnail\" alt=\"\" \/><\/a>\n\t\t\t<\/div><\/figure>\n\t\t<\/div>\n\n<p>16\/1-14<\/p>\n<p>Klass 7\u00a0har gjort blyertsportr\u00e4tt p\u00e5 Stor- Nila.<\/p>\n<div id='gallery-4' class='gallery galleryid-396 gallery-columns-3 gallery-size-thumbnail'><figure class='gallery-item'>\n\t\t\t<div class='gallery-icon landscape'>\n\t\t\t\t<a href='https:\/\/kulturakademin.se\/stornila\/skytteanskaskolan-tarnaby\/bild\/img_0197\/'><img loading=\"lazy\" decoding=\"async\" width=\"150\" height=\"150\" src=\"https:\/\/kulturakademin.se\/stornila\/wp-content\/uploads\/sites\/20\/2014\/01\/IMG_0197-150x150.jpg\" class=\"attachment-thumbnail size-thumbnail\" alt=\"\" \/><\/a>\n\t\t\t<\/div><\/figure><figure class='gallery-item'>\n\t\t\t<div class='gallery-icon landscape'>\n\t\t\t\t<a href='https:\/\/kulturakademin.se\/stornila\/skytteanskaskolan-tarnaby\/bild\/img_0199\/'><img loading=\"lazy\" decoding=\"async\" width=\"150\" height=\"150\" src=\"https:\/\/kulturakademin.se\/stornila\/wp-content\/uploads\/sites\/20\/2014\/01\/IMG_0199-150x150.jpg\" class=\"attachment-thumbnail size-thumbnail\" alt=\"\" \/><\/a>\n\t\t\t<\/div><\/figure><figure class='gallery-item'>\n\t\t\t<div class='gallery-icon landscape'>\n\t\t\t\t<a href='https:\/\/kulturakademin.se\/stornila\/skytteanskaskolan-tarnaby\/bild\/img_0205\/'><img loading=\"lazy\" decoding=\"async\" width=\"150\" height=\"150\" src=\"https:\/\/kulturakademin.se\/stornila\/wp-content\/uploads\/sites\/20\/2014\/01\/IMG_0205-150x150.jpg\" class=\"attachment-thumbnail size-thumbnail\" alt=\"\" \/><\/a>\n\t\t\t<\/div><\/figure><figure class='gallery-item'>\n\t\t\t<div class='gallery-icon landscape'>\n\t\t\t\t<a href='https:\/\/kulturakademin.se\/stornila\/skytteanskaskolan-tarnaby\/bild\/img_0206\/'><img loading=\"lazy\" decoding=\"async\" width=\"150\" height=\"150\" src=\"https:\/\/kulturakademin.se\/stornila\/wp-content\/uploads\/sites\/20\/2014\/01\/IMG_0206-150x150.jpg\" class=\"attachment-thumbnail size-thumbnail\" alt=\"\" \/><\/a>\n\t\t\t<\/div><\/figure><figure class='gallery-item'>\n\t\t\t<div class='gallery-icon landscape'>\n\t\t\t\t<a href='https:\/\/kulturakademin.se\/stornila\/skytteanskaskolan-tarnaby\/bild\/img_0207\/'><img loading=\"lazy\" decoding=\"async\" width=\"150\" height=\"150\" src=\"https:\/\/kulturakademin.se\/stornila\/wp-content\/uploads\/sites\/20\/2014\/01\/IMG_0207-150x150.jpg\" class=\"attachment-thumbnail size-thumbnail\" alt=\"\" \/><\/a>\n\t\t\t<\/div><\/figure>\n\t\t<\/div>\n\n","protected":false},"excerpt":{"rendered":"<p>28\/4-14 Klass 7. Bilderna \u00e4r gjorda med inspiration\u00a0fr\u00e5n historien om\u00a0Stor-Nila och Lill-Docka. 25\/3-14 Klass 9 har gjort masker i papir-mach\u00e9 med karakt\u00e4rer och k\u00e4nslor\u00a0fr\u00e5n Stor-Nila musikalen.\u00a0 Maskerna byggs p\u00e5 en form av lera. 17\/1-14 Bilder med inspiration fr\u00e5n samiska hantverk och Stor-Nila musikalen. Klass 8. 16\/1-14 Klass 7\u00a0har gjort blyertsportr\u00e4tt p\u00e5 Stor- Nila.<\/p>\n","protected":false},"author":12,"featured_media":0,"parent":73,"menu_order":0,"comment_status":"closed","ping_status":"closed","template":"","meta":{"_genesis_hide_title":false,"_genesis_hide_breadcrumbs":false,"_genesis_hide_singular_image":false,"_genesis_hide_footer_widgets":false,"_genesis_custom_body_class":"","_genesis_custom_post_class":"","_genesis_layout":"","footnotes":""},"featured_image_src":null,"featured_image_src_square":null,"_links":{"self":[{"href":"https:\/\/kulturakademin.se\/stornila\/wp-json\/wp\/v2\/pages\/396"}],"collection":[{"href":"https:\/\/kulturakademin.se\/stornila\/wp-json\/wp\/v2\/pages"}],"about":[{"href":"https:\/\/kulturakademin.se\/stornila\/wp-json\/wp\/v2\/types\/page"}],"author":[{"embeddable":true,"href":"https:\/\/kulturakademin.se\/stornila\/wp-json\/wp\/v2\/users\/12"}],"replies":[{"embeddable":true,"href":"https:\/\/kulturakademin.se\/stornila\/wp-json\/wp\/v2\/comments?post=396"}],"version-history":[{"count":6,"href":"https:\/\/kulturakademin.se\/stornila\/wp-json\/wp\/v2\/pages\/396\/revisions"}],"predecessor-version":[{"id":471,"href":"https:\/\/kulturakademin.se\/stornila\/wp-json\/wp\/v2\/pages\/396\/revisions\/471"}],"up":[{"embeddable":true,"href":"https:\/\/kulturakademin.se\/stornila\/wp-json\/wp\/v2\/pages\/73"}],"wp:attachment":[{"href":"https:\/\/kulturakademin.se\/stornila\/wp-json\/wp\/v2\/media?parent=396"}],"curies":[{"name":"wp","href":"https:\/\/api.w.org\/{rel}","templated":true}]}}