{"id":332,"date":"2013-11-26T15:23:10","date_gmt":"2013-11-26T14:23:10","guid":{"rendered":"http:\/\/kulturakademin.se\/stornila\/?page_id=332"},"modified":"2013-12-17T15:15:52","modified_gmt":"2013-12-17T14:15:52","slug":"traslojd","status":"publish","type":"page","link":"https:\/\/kulturakademin.se\/stornila\/skytteanskaskolan-tarnaby\/traslojd\/","title":{"rendered":"Tr\u00e4sl\u00f6jd"},"content":{"rendered":"<p>17\/12-13<\/p>\n<p>Dom har satt upp k\u00e5tan p\u00e5 scenen och h\u00e5ller p\u00e5 med v\u00e4ggarna till f\u00e4ngelset.<\/p>\n<div id='gallery-1' class='gallery galleryid-332 gallery-columns-3 gallery-size-thumbnail'><figure class='gallery-item'>\n\t\t\t<div class='gallery-icon landscape'>\n\t\t\t\t<a href='https:\/\/kulturakademin.se\/stornila\/skytteanskaskolan-tarnaby\/traslojd\/joba\/'><img loading=\"lazy\" decoding=\"async\" width=\"150\" height=\"150\" src=\"https:\/\/kulturakademin.se\/stornila\/wp-content\/uploads\/sites\/20\/2013\/11\/joba-150x150.jpg\" class=\"attachment-thumbnail size-thumbnail\" alt=\"\" aria-describedby=\"gallery-1-386\" \/><\/a>\n\t\t\t<\/div>\n\t\t\t\t<figcaption class='wp-caption-text gallery-caption' id='gallery-1-386'>\n\t\t\t\tDom jobbar\n\t\t\t\t<\/figcaption><\/figure><figure class='gallery-item'>\n\t\t\t<div class='gallery-icon landscape'>\n\t\t\t\t<a href='https:\/\/kulturakademin.se\/stornila\/skytteanskaskolan-tarnaby\/traslojd\/saker-2\/'><img loading=\"lazy\" decoding=\"async\" width=\"150\" height=\"150\" src=\"https:\/\/kulturakademin.se\/stornila\/wp-content\/uploads\/sites\/20\/2013\/11\/saker1-150x150.jpg\" class=\"attachment-thumbnail size-thumbnail\" alt=\"\" aria-describedby=\"gallery-1-387\" \/><\/a>\n\t\t\t<\/div>\n\t\t\t\t<figcaption class='wp-caption-text gallery-caption' id='gallery-1-387'>\n\t\t\t\tH\u00e5ller p\u00e5 med v\u00e4ggarna\n\t\t\t\t<\/figcaption><\/figure>\n\t\t<\/div>\n\n<p>26\/11-13<\/p>\n<p>Hur g\u00e5r det f\u00f6r tr\u00e4sl\u00f6jden?<\/p>\n<div id='gallery-2' class='gallery galleryid-332 gallery-columns-3 gallery-size-thumbnail'><figure class='gallery-item'>\n\t\t\t<div class='gallery-icon landscape'>\n\t\t\t\t<a href='https:\/\/kulturakademin.se\/stornila\/skytteanskaskolan-tarnaby\/traslojd\/diskutera\/'><img loading=\"lazy\" decoding=\"async\" width=\"150\" height=\"150\" src=\"https:\/\/kulturakademin.se\/stornila\/wp-content\/uploads\/sites\/20\/2013\/11\/diskutera-150x150.jpg\" class=\"attachment-thumbnail size-thumbnail\" alt=\"\" aria-describedby=\"gallery-2-333\" \/><\/a>\n\t\t\t<\/div>\n\t\t\t\t<figcaption class='wp-caption-text gallery-caption' id='gallery-2-333'>\n\t\t\t\tDe diskuterar storleken p\u00e5 d\u00f6rren till k\u00e5tan.\n\t\t\t\t<\/figcaption><\/figure><figure class='gallery-item'>\n\t\t\t<div class='gallery-icon landscape'>\n\t\t\t\t<a href='https:\/\/kulturakademin.se\/stornila\/skytteanskaskolan-tarnaby\/traslojd\/jobba\/'><img loading=\"lazy\" decoding=\"async\" width=\"150\" height=\"150\" src=\"https:\/\/kulturakademin.se\/stornila\/wp-content\/uploads\/sites\/20\/2013\/11\/jobba-150x150.jpg\" class=\"attachment-thumbnail size-thumbnail\" alt=\"\" aria-describedby=\"gallery-2-334\" \/><\/a>\n\t\t\t<\/div>\n\t\t\t\t<figcaption class='wp-caption-text gallery-caption' id='gallery-2-334'>\n\t\t\t\tDe s\u00e5gar ut figurer till k\u00e5tan som ska st\u00e5 p\u00e5 scenen. \n\t\t\t\t<\/figcaption><\/figure><figure class='gallery-item'>\n\t\t\t<div class='gallery-icon landscape'>\n\t\t\t\t<a href='https:\/\/kulturakademin.se\/stornila\/skytteanskaskolan-tarnaby\/traslojd\/sagga\/'><img loading=\"lazy\" decoding=\"async\" width=\"150\" height=\"150\" src=\"https:\/\/kulturakademin.se\/stornila\/wp-content\/uploads\/sites\/20\/2013\/11\/s\u00e5gga-150x150.jpg\" class=\"attachment-thumbnail size-thumbnail\" alt=\"\" aria-describedby=\"gallery-2-335\" \/><\/a>\n\t\t\t<\/div>\n\t\t\t\t<figcaption class='wp-caption-text gallery-caption' id='gallery-2-335'>\n\t\t\t\tS\u00e5gar och s\u00e5gar&#8230;\n\t\t\t\t<\/figcaption><\/figure>\n\t\t<\/div>\n\n","protected":false},"excerpt":{"rendered":"<p>17\/12-13 Dom har satt upp k\u00e5tan p\u00e5 scenen och h\u00e5ller p\u00e5 med v\u00e4ggarna till f\u00e4ngelset. 26\/11-13 Hur g\u00e5r det f\u00f6r tr\u00e4sl\u00f6jden?<\/p>\n","protected":false},"author":12,"featured_media":0,"parent":73,"menu_order":3,"comment_status":"closed","ping_status":"closed","template":"","meta":{"_genesis_hide_title":false,"_genesis_hide_breadcrumbs":false,"_genesis_hide_singular_image":false,"_genesis_hide_footer_widgets":false,"_genesis_custom_body_class":"","_genesis_custom_post_class":"","_genesis_layout":"","footnotes":""},"featured_image_src":null,"featured_image_src_square":null,"_links":{"self":[{"href":"https:\/\/kulturakademin.se\/stornila\/wp-json\/wp\/v2\/pages\/332"}],"collection":[{"href":"https:\/\/kulturakademin.se\/stornila\/wp-json\/wp\/v2\/pages"}],"about":[{"href":"https:\/\/kulturakademin.se\/stornila\/wp-json\/wp\/v2\/types\/page"}],"author":[{"embeddable":true,"href":"https:\/\/kulturakademin.se\/stornila\/wp-json\/wp\/v2\/users\/12"}],"replies":[{"embeddable":true,"href":"https:\/\/kulturakademin.se\/stornila\/wp-json\/wp\/v2\/comments?post=332"}],"version-history":[{"count":6,"href":"https:\/\/kulturakademin.se\/stornila\/wp-json\/wp\/v2\/pages\/332\/revisions"}],"predecessor-version":[{"id":390,"href":"https:\/\/kulturakademin.se\/stornila\/wp-json\/wp\/v2\/pages\/332\/revisions\/390"}],"up":[{"embeddable":true,"href":"https:\/\/kulturakademin.se\/stornila\/wp-json\/wp\/v2\/pages\/73"}],"wp:attachment":[{"href":"https:\/\/kulturakademin.se\/stornila\/wp-json\/wp\/v2\/media?parent=332"}],"curies":[{"name":"wp","href":"https:\/\/api.w.org\/{rel}","templated":true}]}}