{"id":316,"date":"2013-11-26T14:58:08","date_gmt":"2013-11-26T13:58:08","guid":{"rendered":"http:\/\/kulturakademin.se\/stornila\/?page_id=316"},"modified":"2013-12-18T10:15:28","modified_gmt":"2013-12-18T09:15:28","slug":"syslojd","status":"publish","type":"page","link":"https:\/\/kulturakademin.se\/stornila\/skytteanskaskolan-tarnaby\/syslojd\/","title":{"rendered":"Sysl\u00f6jd"},"content":{"rendered":"<p>17\/12-13<\/p>\n<div id='gallery-1' class='gallery galleryid-316 gallery-columns-3 gallery-size-thumbnail'><figure class='gallery-item'>\n\t\t\t<div class='gallery-icon landscape'>\n\t\t\t\t<a href='https:\/\/kulturakademin.se\/stornila\/skytteanskaskolan-tarnaby\/syslojd\/domer\/'><img loading=\"lazy\" decoding=\"async\" width=\"150\" height=\"150\" src=\"https:\/\/kulturakademin.se\/stornila\/wp-content\/uploads\/sites\/20\/2013\/11\/domer-150x150.jpg\" class=\"attachment-thumbnail size-thumbnail\" alt=\"\" aria-describedby=\"gallery-1-376\" \/><\/a>\n\t\t\t<\/div>\n\t\t\t\t<figcaption class='wp-caption-text gallery-caption' id='gallery-1-376'>\n\t\t\t\tDom g\u00f6r manteln \u00e5t Stor-Nila \n\t\t\t\t<\/figcaption><\/figure><figure class='gallery-item'>\n\t\t\t<div class='gallery-icon landscape'>\n\t\t\t\t<a href='https:\/\/kulturakademin.se\/stornila\/skytteanskaskolan-tarnaby\/syslojd\/sy\/'><img loading=\"lazy\" decoding=\"async\" width=\"150\" height=\"150\" src=\"https:\/\/kulturakademin.se\/stornila\/wp-content\/uploads\/sites\/20\/2013\/11\/sy-150x150.jpg\" class=\"attachment-thumbnail size-thumbnail\" alt=\"\" aria-describedby=\"gallery-1-379\" \/><\/a>\n\t\t\t<\/div>\n\t\t\t\t<figcaption class='wp-caption-text gallery-caption' id='gallery-1-379'>\n\t\t\t\tHon f\u00e5llar kjolen\n\t\t\t\t<\/figcaption><\/figure><figure class='gallery-item'>\n\t\t\t<div class='gallery-icon landscape'>\n\t\t\t\t<a href='https:\/\/kulturakademin.se\/stornila\/skytteanskaskolan-tarnaby\/syslojd\/han\/'><img loading=\"lazy\" decoding=\"async\" width=\"150\" height=\"150\" src=\"https:\/\/kulturakademin.se\/stornila\/wp-content\/uploads\/sites\/20\/2013\/11\/han-150x150.jpg\" class=\"attachment-thumbnail size-thumbnail\" alt=\"\" aria-describedby=\"gallery-1-377\" \/><\/a>\n\t\t\t<\/div>\n\t\t\t\t<figcaption class='wp-caption-text gallery-caption' id='gallery-1-377'>\n\t\t\t\tHan syr kjolen\n\t\t\t\t<\/figcaption><\/figure><figure class='gallery-item'>\n\t\t\t<div class='gallery-icon landscape'>\n\t\t\t\t<a href='https:\/\/kulturakademin.se\/stornila\/skytteanskaskolan-tarnaby\/syslojd\/hon\/'><img loading=\"lazy\" decoding=\"async\" width=\"150\" height=\"150\" src=\"https:\/\/kulturakademin.se\/stornila\/wp-content\/uploads\/sites\/20\/2013\/11\/hon-150x150.jpg\" class=\"attachment-thumbnail size-thumbnail\" alt=\"\" aria-describedby=\"gallery-1-378\" \/><\/a>\n\t\t\t<\/div>\n\t\t\t\t<figcaption class='wp-caption-text gallery-caption' id='gallery-1-378'>\n\t\t\t\tStickar\n\t\t\t\t<\/figcaption><\/figure><figure class='gallery-item'>\n\t\t\t<div class='gallery-icon landscape'>\n\t\t\t\t<a href='https:\/\/kulturakademin.se\/stornila\/skytteanskaskolan-tarnaby\/syslojd\/hene\/'><img loading=\"lazy\" decoding=\"async\" width=\"150\" height=\"150\" src=\"https:\/\/kulturakademin.se\/stornila\/wp-content\/uploads\/sites\/20\/2013\/11\/hene-150x150.jpg\" class=\"attachment-thumbnail size-thumbnail\" alt=\"\" \/><\/a>\n\t\t\t<\/div><\/figure>\n\t\t<\/div>\n\n<p>26\/11-13<\/p>\n<p>De stickar, virkar och v\u00e4ver kl\u00e4der till pj\u00e4sen.<\/p>\n<div id='gallery-2' class='gallery galleryid-316 gallery-columns-2 gallery-size-thumbnail'><figure class='gallery-item'>\n\t\t\t<div class='gallery-icon landscape'>\n\t\t\t\t<a href='https:\/\/kulturakademin.se\/stornila\/tjejer\/'><img loading=\"lazy\" decoding=\"async\" width=\"150\" height=\"150\" src=\"https:\/\/kulturakademin.se\/stornila\/wp-content\/uploads\/sites\/20\/2013\/11\/tjejer-150x150.jpg\" class=\"attachment-thumbnail size-thumbnail\" alt=\"\" aria-describedby=\"gallery-2-330\" \/><\/a>\n\t\t\t<\/div>\n\t\t\t\t<figcaption class='wp-caption-text gallery-caption' id='gallery-2-330'>\n\t\t\t\tStickar. \n\t\t\t\t<\/figcaption><\/figure><figure class='gallery-item'>\n\t\t\t<div class='gallery-icon landscape'>\n\t\t\t\t<a href='https:\/\/kulturakademin.se\/stornila\/sy-slojd\/'><img loading=\"lazy\" decoding=\"async\" width=\"150\" height=\"150\" src=\"https:\/\/kulturakademin.se\/stornila\/wp-content\/uploads\/sites\/20\/2013\/11\/sy-sl\u00f6jd-150x150.jpg\" class=\"attachment-thumbnail size-thumbnail\" alt=\"\" \/><\/a>\n\t\t\t<\/div><\/figure><figure class='gallery-item'>\n\t\t\t<div class='gallery-icon landscape'>\n\t\t\t\t<a href='https:\/\/kulturakademin.se\/stornila\/skytteanskaskolan-tarnaby\/syslojd\/sy-slojd-2\/'><img loading=\"lazy\" decoding=\"async\" width=\"150\" height=\"150\" src=\"https:\/\/kulturakademin.se\/stornila\/wp-content\/uploads\/sites\/20\/2013\/11\/sy-sl\u00f6jd-2-150x150.jpg\" class=\"attachment-thumbnail size-thumbnail\" alt=\"\" aria-describedby=\"gallery-2-328\" \/><\/a>\n\t\t\t<\/div>\n\t\t\t\t<figcaption class='wp-caption-text gallery-caption' id='gallery-2-328'>\n\t\t\t\tSkoband\n\t\t\t\t<\/figcaption><\/figure><figure class='gallery-item'>\n\t\t\t<div class='gallery-icon landscape'>\n\t\t\t\t<a href='https:\/\/kulturakademin.se\/stornila\/skytteanskaskolan-tarnaby\/syslojd\/sokar\/'><img loading=\"lazy\" decoding=\"async\" width=\"150\" height=\"150\" src=\"https:\/\/kulturakademin.se\/stornila\/wp-content\/uploads\/sites\/20\/2013\/11\/sokar-150x150.jpg\" class=\"attachment-thumbnail size-thumbnail\" alt=\"\" \/><\/a>\n\t\t\t<\/div><\/figure><figure class='gallery-item'>\n\t\t\t<div class='gallery-icon landscape'>\n\t\t\t\t<a href='https:\/\/kulturakademin.se\/stornila\/skytteanskaskolan-tarnaby\/syslojd\/skoband\/'><img loading=\"lazy\" decoding=\"async\" width=\"150\" height=\"150\" src=\"https:\/\/kulturakademin.se\/stornila\/wp-content\/uploads\/sites\/20\/2013\/11\/skoband-150x150.jpg\" class=\"attachment-thumbnail size-thumbnail\" alt=\"\" \/><\/a>\n\t\t\t<\/div><\/figure>\n\t\t<\/div>\n\n<p>&nbsp;<\/p>\n","protected":false},"excerpt":{"rendered":"<p>17\/12-13 26\/11-13 De stickar, virkar och v\u00e4ver kl\u00e4der till pj\u00e4sen. &nbsp;<\/p>\n","protected":false},"author":12,"featured_media":0,"parent":73,"menu_order":0,"comment_status":"closed","ping_status":"closed","template":"","meta":{"_genesis_hide_title":false,"_genesis_hide_breadcrumbs":false,"_genesis_hide_singular_image":false,"_genesis_hide_footer_widgets":false,"_genesis_custom_body_class":"","_genesis_custom_post_class":"","_genesis_layout":"","footnotes":""},"featured_image_src":null,"featured_image_src_square":null,"_links":{"self":[{"href":"https:\/\/kulturakademin.se\/stornila\/wp-json\/wp\/v2\/pages\/316"}],"collection":[{"href":"https:\/\/kulturakademin.se\/stornila\/wp-json\/wp\/v2\/pages"}],"about":[{"href":"https:\/\/kulturakademin.se\/stornila\/wp-json\/wp\/v2\/types\/page"}],"author":[{"embeddable":true,"href":"https:\/\/kulturakademin.se\/stornila\/wp-json\/wp\/v2\/users\/12"}],"replies":[{"embeddable":true,"href":"https:\/\/kulturakademin.se\/stornila\/wp-json\/wp\/v2\/comments?post=316"}],"version-history":[{"count":5,"href":"https:\/\/kulturakademin.se\/stornila\/wp-json\/wp\/v2\/pages\/316\/revisions"}],"predecessor-version":[{"id":391,"href":"https:\/\/kulturakademin.se\/stornila\/wp-json\/wp\/v2\/pages\/316\/revisions\/391"}],"up":[{"embeddable":true,"href":"https:\/\/kulturakademin.se\/stornila\/wp-json\/wp\/v2\/pages\/73"}],"wp:attachment":[{"href":"https:\/\/kulturakademin.se\/stornila\/wp-json\/wp\/v2\/media?parent=316"}],"curies":[{"name":"wp","href":"https:\/\/api.w.org\/{rel}","templated":true}]}}