{"id":263,"date":"2013-10-03T14:30:29","date_gmt":"2013-10-03T12:30:29","guid":{"rendered":"http:\/\/kulturakademin.se\/stornila\/?page_id=263"},"modified":"2013-12-02T15:44:22","modified_gmt":"2013-12-02T14:44:22","slug":"manus-studiematerial","status":"publish","type":"page","link":"https:\/\/kulturakademin.se\/stornila\/studiematerial-skolor\/manus-studiematerial\/","title":{"rendered":"MANUS + STUDIEMATERIAL"},"content":{"rendered":"<p>H\u00e4r finns manuset och studiematerialet till Stor Nila musikalen i PDF format.<\/p>\n<p>Under 2013-14 kan det genomf\u00f6ras \u00e4ndringar i dokumenten<\/p>\n<p><a href=\"http:\/\/kulturakademin.se\/stornila\/wp-content\/uploads\/sites\/20\/2013\/10\/studiehandledning_aug2013.pdf\">studiehandledning_aug2013<\/a><\/p>\n<p><a href=\"http:\/\/kulturakademin.se\/stornila\/wp-content\/uploads\/sites\/20\/2013\/10\/Manus-+-musik.pdf\">Manus + musik<\/a><\/p>\n","protected":false},"excerpt":{"rendered":"<p>H\u00e4r finns manuset och studiematerialet till Stor Nila musikalen i PDF format. Under 2013-14 kan det genomf\u00f6ras \u00e4ndringar i dokumenten studiehandledning_aug2013 Manus + musik<\/p>\n","protected":false},"author":3,"featured_media":0,"parent":56,"menu_order":0,"comment_status":"closed","ping_status":"closed","template":"","meta":{"_genesis_hide_title":false,"_genesis_hide_breadcrumbs":false,"_genesis_hide_singular_image":false,"_genesis_hide_footer_widgets":false,"_genesis_custom_body_class":"","_genesis_custom_post_class":"","_genesis_layout":"","footnotes":""},"featured_image_src":null,"featured_image_src_square":null,"_links":{"self":[{"href":"https:\/\/kulturakademin.se\/stornila\/wp-json\/wp\/v2\/pages\/263"}],"collection":[{"href":"https:\/\/kulturakademin.se\/stornila\/wp-json\/wp\/v2\/pages"}],"about":[{"href":"https:\/\/kulturakademin.se\/stornila\/wp-json\/wp\/v2\/types\/page"}],"author":[{"embeddable":true,"href":"https:\/\/kulturakademin.se\/stornila\/wp-json\/wp\/v2\/users\/3"}],"replies":[{"embeddable":true,"href":"https:\/\/kulturakademin.se\/stornila\/wp-json\/wp\/v2\/comments?post=263"}],"version-history":[{"count":1,"href":"https:\/\/kulturakademin.se\/stornila\/wp-json\/wp\/v2\/pages\/263\/revisions"}],"predecessor-version":[{"id":264,"href":"https:\/\/kulturakademin.se\/stornila\/wp-json\/wp\/v2\/pages\/263\/revisions\/264"}],"up":[{"embeddable":true,"href":"https:\/\/kulturakademin.se\/stornila\/wp-json\/wp\/v2\/pages\/56"}],"wp:attachment":[{"href":"https:\/\/kulturakademin.se\/stornila\/wp-json\/wp\/v2\/media?parent=263"}],"curies":[{"name":"wp","href":"https:\/\/api.w.org\/{rel}","templated":true}]}}