{"id":97,"date":"2017-02-15T15:34:47","date_gmt":"2017-02-15T14:34:47","guid":{"rendered":"http:\/\/kulturakademin.se\/niceice\/?page_id=97"},"modified":"2017-02-15T15:41:01","modified_gmt":"2017-02-15T14:41:01","slug":"bli-medlem","status":"publish","type":"page","link":"https:\/\/kulturakademin.se\/niceice\/bli-medlem\/","title":{"rendered":"Bli medlem"},"content":{"rendered":"<p>Att bli medlem i KulturAkademin \u00e4r enkelt och v\u00e4rdefullt f\u00f6r de ungdomar och vuxna som \u00e4r involverade i KulturAkademin. Ni f\u00e5r reducerat pris p\u00e5 intr\u00e4de till arrangemang anordnade av KulturAkademin och Storumans Musik- och Teaterf\u00f6rening samt rabatt p\u00e5 ink\u00f6p vid Musikanten i Ume\u00e5.<br \/>\nSamtliga elever blir medlemmar automatiskt n\u00e4r v\u00e5rterminsavsgiften betalas.<br \/>\n50 kr\/person<br \/>\n100 kr\/familj<br \/>\n500 kr\/f\u00f6rening\/f\u00f6retag<br \/>\n<strong>Betalas per \u00e5r till BG \u00e4r 5526-2281<\/strong><\/p>\n<p>[contact-form to=&#8217;duncan@kemp.nu&#8217; subject=&#8217;Medlemskap NiceIce&#8217;][contact-field label=&#8217;Namn&#8217; type=&#8217;name&#8217; required=&#8217;1&#8217;\/][contact-field label=&#8217;Adress&#8217; type=&#8217;text&#8217;\/][contact-field label=&#8217;Telefon&#8217; type=&#8217;text&#8217; required=&#8217;1&#8217;\/][contact-field label=&#8217;E-post&#8217; type=&#8217;email&#8217; required=&#8217;1&#8217;\/][contact-field label=&#8217;V\u00e4lj medlemskap&#8217; type=&#8217;checkbox-multiple&#8217; required=&#8217;1&#8242; options=&#8217;Individuellt medlemskap 50kr \/\u00e5r,Familjemedlemskap 100 kr\/ \u00e5r,F\u00f6reningar \/ F\u00f6retag 500 kr \/ \u00e5r&#8217;\/][\/contact-form]<\/p>\n","protected":false},"excerpt":{"rendered":"<p>Att bli medlem i KulturAkademin \u00e4r enkelt och v\u00e4rdefullt f\u00f6r de ungdomar och vuxna som \u00e4r involverade i KulturAkademin. Ni f\u00e5r reducerat pris p\u00e5 intr\u00e4de till arrangemang anordnade av KulturAkademin och Storumans Musik- och Teaterf\u00f6rening samt rabatt p\u00e5 ink\u00f6p vid Musikanten i Ume\u00e5. Samtliga elever blir medlemmar automatiskt n\u00e4r v\u00e5rterminsavsgiften betalas. 50 kr\/person 100 kr\/familj [&hellip;]<\/p>\n","protected":false},"author":1,"featured_media":0,"parent":0,"menu_order":0,"comment_status":"closed","ping_status":"closed","template":"","meta":{"_genesis_hide_title":false,"_genesis_hide_breadcrumbs":false,"_genesis_hide_singular_image":false,"_genesis_hide_footer_widgets":false,"_genesis_custom_body_class":"","_genesis_custom_post_class":"","_genesis_layout":"","footnotes":""},"featured_image_src":null,"featured_image_src_square":null,"_links":{"self":[{"href":"https:\/\/kulturakademin.se\/niceice\/wp-json\/wp\/v2\/pages\/97"}],"collection":[{"href":"https:\/\/kulturakademin.se\/niceice\/wp-json\/wp\/v2\/pages"}],"about":[{"href":"https:\/\/kulturakademin.se\/niceice\/wp-json\/wp\/v2\/types\/page"}],"author":[{"embeddable":true,"href":"https:\/\/kulturakademin.se\/niceice\/wp-json\/wp\/v2\/users\/1"}],"replies":[{"embeddable":true,"href":"https:\/\/kulturakademin.se\/niceice\/wp-json\/wp\/v2\/comments?post=97"}],"version-history":[{"count":6,"href":"https:\/\/kulturakademin.se\/niceice\/wp-json\/wp\/v2\/pages\/97\/revisions"}],"predecessor-version":[{"id":104,"href":"https:\/\/kulturakademin.se\/niceice\/wp-json\/wp\/v2\/pages\/97\/revisions\/104"}],"wp:attachment":[{"href":"https:\/\/kulturakademin.se\/niceice\/wp-json\/wp\/v2\/media?parent=97"}],"curies":[{"name":"wp","href":"https:\/\/api.w.org\/{rel}","templated":true}]}}